{"id":531,"date":"2017-12-11T12:31:52","date_gmt":"2017-12-11T11:31:52","guid":{"rendered":"http:\/\/tobias-mayer-museum.de\/?page_id=531"},"modified":"2024-05-17T15:52:40","modified_gmt":"2024-05-17T13:52:40","slug":"anfahrt-und-oeffnungszeiten","status":"publish","type":"page","link":"https:\/\/tobias-mayer-museum.de\/?page_id=531","title":{"rendered":"Kontakt"},"content":{"rendered":"<p><strong>Kontakt<\/strong><\/p>\n<p>Tobias Mayer Museum<\/p>\n<p>Torgasse 13<\/p>\n<p><strong>71672 Marbach a.N.<\/strong><\/p>\n<p>Telefon: 0 71 44 &#8211; 88 72 85 4<\/p>\n<p>Fax: 0 71 44 &#8211; 88 72 85 6<\/p>\n<p>E-Mail: <a href=\"mailto:besucher@tobias-mayer-museum.de\"><u>besucher@tobias-mayer-museum.de<\/u><\/a><\/p>\n<p><strong>\u00d6ffnungszeiten<\/strong><br \/>\nDonnerstag, Samstag und Sonntag<\/p>\n<p>13 Uhr &#8211; 17 Uhr<\/p>\n<p>Geschlossen am 24.12. &#8211; 1.1.<\/p>\n<p><strong>Geb\u00fchren:<\/strong><\/p>\n<p>Erwachsene: 6,- \u20ac<\/p>\n<p>Kinder ab 12 Jahren: 3,- \u20ac<\/p>\n<p>Familienkarte (2 Erwachsene und Kinder) 15.&#8211; \u20ac<\/p>\n<p><strong>F\u00fchrungen<\/strong><\/p>\n<p>F\u00fcr Schulen, Kinderg\u00e4rten und Erwachsenengruppen nach Anfrage jederzeit m\u00f6glich.<\/p>\n<p><strong>Hinweise f\u00fcr F\u00fchrungen<\/strong><\/p>\n<ul>\n<li>Gruppengr\u00f6\u00dfe maximal 15 Personen<\/li>\n<li>F\u00fchrungen sollten m\u00f6glichst au\u00dferhalb der regul\u00e4ren \u00d6ffnungszeiten stattfinden<\/li>\n<\/ul>\n<p>Eintritt pro Person (erm\u00e4\u00dfigt) 4,00 \u20ac (Sch\u00fcler freier Eintritt)<\/p>\n<p>F\u00fchrungsgeb\u00fchr 75,00 \u20ac<\/p>\n<p><strong>F\u00fchrungen bestellen:<\/strong><\/p>\n<p><a href=\"http:\/\/tobias-mayer-museum.de\/?page_id=2136\" data-wplink-edit=\"true\">http:\/\/tobias-mayer-museum.de\/?page_id=2136<\/a><\/p>\n<p>oder<\/p>\n<p>Anmelden unter der Tel. Nr.: 0 71 44 &#8211; 88 72 85 5 bzw. E-Mail: <a href=\"mailto:besucher@tobias-mayer-museum.de\"><u>besucher@tobias-mayer-museum.de<\/u><\/a><\/p>\n","protected":false},"excerpt":{"rendered":"<p>Kontakt Tobias Mayer Museum Torgasse 13 71672 Marbach a.N. Telefon: 0 71 44 &#8211; 88 72 85 4 Fax: 0 71 44 &#8211; 88 72 85 6 E-Mail: besucher@tobias-mayer-museum.de \u00d6ffnungszeiten &hellip; <a href=\"https:\/\/tobias-mayer-museum.de\/?page_id=531\" class=\"more-link\"><span>Weiterlesen<span class=\"screen-reader-text\">Kontakt<\/span><\/span><\/a><\/p>\n","protected":false},"author":1,"featured_media":0,"parent":0,"menu_order":0,"comment_status":"closed","ping_status":"closed","template":"","meta":{"footnotes":""},"class_list":["post-531","page","type-page","status-publish","hentry"],"_links":{"self":[{"href":"https:\/\/tobias-mayer-museum.de\/index.php?rest_route=\/wp\/v2\/pages\/531","targetHints":{"allow":["GET"]}}],"collection":[{"href":"https:\/\/tobias-mayer-museum.de\/index.php?rest_route=\/wp\/v2\/pages"}],"about":[{"href":"https:\/\/tobias-mayer-museum.de\/index.php?rest_route=\/wp\/v2\/types\/page"}],"author":[{"embeddable":true,"href":"https:\/\/tobias-mayer-museum.de\/index.php?rest_route=\/wp\/v2\/users\/1"}],"replies":[{"embeddable":true,"href":"https:\/\/tobias-mayer-museum.de\/index.php?rest_route=%2Fwp%2Fv2%2Fcomments&post=531"}],"version-history":[{"count":39,"href":"https:\/\/tobias-mayer-museum.de\/index.php?rest_route=\/wp\/v2\/pages\/531\/revisions"}],"predecessor-version":[{"id":6926,"href":"https:\/\/tobias-mayer-museum.de\/index.php?rest_route=\/wp\/v2\/pages\/531\/revisions\/6926"}],"wp:attachment":[{"href":"https:\/\/tobias-mayer-museum.de\/index.php?rest_route=%2Fwp%2Fv2%2Fmedia&parent=531"}],"curies":[{"name":"wp","href":"https:\/\/api.w.org\/{rel}","templated":true}]}}