{"id":3040,"date":"2019-01-26T11:22:53","date_gmt":"2019-01-26T10:22:53","guid":{"rendered":"https:\/\/tobias-mayer-museum.de\/?page_id=3040"},"modified":"2023-06-22T10:40:45","modified_gmt":"2023-06-22T08:40:45","slug":"2019-das-jahr-des-mondes","status":"publish","type":"page","link":"https:\/\/tobias-mayer-museum.de\/?page_id=3040","title":{"rendered":"2019, das Jahr des Mondes"},"content":{"rendered":"\n<p>Bild: Copyright Getty Images<\/p>\n\n\n\n<p class=\"has-drop-cap\">Jahrzehntelang hat die Menschheit den Mond ein wenig vernachl\u00e4ssigt. Dabei j\u00e4hrte sich in 2019 die Mondlandung gerade einmal zum 50. Mal. <\/p>\n\n\n\n<p>Seit den 1950er Jahren kam es zwischen den USA und der Sowjetunion zum sogenannten Wettlauf ins All. Der erste von Menschen konstruierte Raumflugk\u00f6rper auf dem Mond war die sowjetische Sonde Lunik 2, die am 13.&nbsp;September 1959 gezielt auf dem Mond aufschlug. Am 3.&nbsp;Februar 1966 landete Luna 9 als erster Flugk\u00f6rper weich auf dem Mond. <\/p>\n\n\n\n<p>Der erste bemannte Flug zum Mond (ohne Landung auf dem Trabanten) war Apollo 8 im Dezember 1968. Frank Borman, William Anders und James (\u201eJim\u201c) Lovell umkreisten den Mond 10 Mal und waren die ersten Menschen, die mit eigenen Augen die R\u00fcckseite des Mondes sahen.<\/p>\n\n\n\n<p>Am 21.&nbsp;Juli 1969, vor fast genau 50 Jahren, betraten im Zuge der Mission Apollo 11 mit Neil Armstrong und Buzz Aldrin die ersten Menschen den Mond.<\/p>\n\n\n\n<p>Im Rahmen des Apollo Programms erfolgten bis zur Einstellung im Jahr 1972 noch 5 weitere Mondlandungen, bei denen Menschen die Mondoberfl\u00e4che betraten.<\/p>\n\n\n\n<p>Als dritter Nation der Erde ist China eine Mondlandung gegl\u00fcckt. Das unbemannte chinesische Raumschiff &#8222;Chang&#8217;e 3&#8220; setzte am 14.12.2013 in der Regenbogenbucht (lateinisch: Sinus Iridum) auf.<\/p>\n\n\n\n<p> <strong>Highlights im Jahr 2019 <\/strong> <\/p>\n\n\n\n<p><strong>Landung auf der \u201eR\u00fcckseite\u201c des Mondes<\/strong><\/p>\n\n\n\n<p>Erstmals in der Geschichte ist eine Raumsonde auf der R\u00fcckseite des Mondes gelandet. Die chinesische Raumsonde &#8222;Chang&#8217;e 4&#8220; setzte  03.01.2019 um 3.26 Uhr am Aitken-Krater in der N\u00e4he vom S\u00fcdpol des Erdtrabanten auf.<\/p>\n\n\n\n<p>Ein Team um Chunlai Li von der chinesischen Akademie der Wissenschaften in Peking berichtete am 15. Mai 2019 im <a href=\"https:\/\/www.nature.com\/articles\/s41586-019-1189-0\">Fachmagazin &#8222;Nature&#8220;<\/a>, dass der <a href=\"https:\/\/www.br.de\/nachrichten\/wissen\/china-rover-rollt-ueber-die-mond-rueckseite,RBSZ7qv\">Mond-Rover Yutu-2<\/a>, \u00fcbersetzt Jadehase 2, m\u00f6glicherweise auf tief liegendes Mantelgestein gesto\u00dfen sei. <\/p>\n\n\n\n<p><strong>Mondfinsternis und Blutmond<\/strong><\/p>\n\n\n\n<p>Zwei Himmelsspektakel in einer Nacht: Am Morgen des 21. Januar war \u00fcber Deutschland ein Superblutmond zu sehen. Der Vollmond war dabei komplett in den Schatten der Erde eingetreten, Astronomen sprechen von einer totalen Mondfinsternis. Gleichzeitig kam der Mond der Erde besonders nah. Dadurch erschien er etwas heller und gr\u00f6\u00dfer als gew\u00f6hnlich.<\/p>\n\n\n\n<p><strong>Die Konstellation, dass sich bei\nVollmond die Erde vollkommen zwischen Sonne und Mond schiebt, wird es erst am\n31. Dezember 2028 wieder geben <\/strong><\/p>\n\n\n\n<p><strong>Israelische und indische Mondmissionen sind missgl\u00fcckt<\/strong><\/p>\n\n\n\n<p> Die israelische Sonde<strong> Beresheet (Genesis)<\/strong> ist im Landeanflug auf den  Mond  verungl\u00fcckt. Nur 150 Meter vor der Landung ist die Kommunikation  mit der  Erde abgebrochen. Ein Defekt an einem wichtigen Motor sorgte  f\u00fcr den  Absturz der Mondsonde. Zuvor hatte sie den Mond erfolgreich und  ohne  Probleme etwa eine Woche lang umkreist. <\/p>\n\n\n\n<p> Kurz bevor die indische Raumsonde Vikram der Mondmission <strong>&#8222;Chandrayaan-2&#8220; <\/strong> Mitte September 2019 auf dem Mond landen sollte, brach der Funkkontakt  zur Bodenstation ab. Die NASA hatte kurz vor Jahresende Wrackteile auf dem Mond gefunden. <\/p>\n\n\n\n<figure class=\"wp-block-embed is-type-video is-provider-youtube wp-block-embed-youtube wp-embed-aspect-16-9 wp-has-aspect-ratio\"><div class=\"wp-block-embed__wrapper\">\n<iframe loading=\"lazy\" title=\"Live-F\u00fchrung aus dem Planetarium K\u00f6ln - Unser Mond\" width=\"792\" height=\"446\" src=\"https:\/\/www.youtube.com\/embed\/HJJpUHa-jrg?feature=oembed\" frameborder=\"0\" allow=\"accelerometer; autoplay; clipboard-write; encrypted-media; gyroscope; picture-in-picture; web-share\" allowfullscreen><\/iframe>\n<\/div><figcaption class=\"wp-element-caption\"><strong>Live F\u00fchrung aus dem Planetarium K\u00f6ln &#8211; Unser Mond<\/strong><\/figcaption><\/figure>\n\n\n\n<p><\/p>\n","protected":false},"excerpt":{"rendered":"<p>Bild: Copyright Getty Images Jahrzehntelang hat die Menschheit den Mond ein wenig vernachl\u00e4ssigt. Dabei j\u00e4hrte sich in 2019 die Mondlandung gerade einmal zum 50. Mal. Seit den 1950er Jahren kam &hellip; <a href=\"https:\/\/tobias-mayer-museum.de\/?page_id=3040\" class=\"more-link\"><span>Weiterlesen<span class=\"screen-reader-text\">2019, das Jahr des Mondes<\/span><\/span><\/a><\/p>\n","protected":false},"author":1,"featured_media":0,"parent":0,"menu_order":0,"comment_status":"closed","ping_status":"closed","template":"","meta":{"footnotes":""},"class_list":["post-3040","page","type-page","status-publish","hentry"],"_links":{"self":[{"href":"https:\/\/tobias-mayer-museum.de\/index.php?rest_route=\/wp\/v2\/pages\/3040","targetHints":{"allow":["GET"]}}],"collection":[{"href":"https:\/\/tobias-mayer-museum.de\/index.php?rest_route=\/wp\/v2\/pages"}],"about":[{"href":"https:\/\/tobias-mayer-museum.de\/index.php?rest_route=\/wp\/v2\/types\/page"}],"author":[{"embeddable":true,"href":"https:\/\/tobias-mayer-museum.de\/index.php?rest_route=\/wp\/v2\/users\/1"}],"replies":[{"embeddable":true,"href":"https:\/\/tobias-mayer-museum.de\/index.php?rest_route=%2Fwp%2Fv2%2Fcomments&post=3040"}],"version-history":[{"count":24,"href":"https:\/\/tobias-mayer-museum.de\/index.php?rest_route=\/wp\/v2\/pages\/3040\/revisions"}],"predecessor-version":[{"id":6506,"href":"https:\/\/tobias-mayer-museum.de\/index.php?rest_route=\/wp\/v2\/pages\/3040\/revisions\/6506"}],"wp:attachment":[{"href":"https:\/\/tobias-mayer-museum.de\/index.php?rest_route=%2Fwp%2Fv2%2Fmedia&parent=3040"}],"curies":[{"name":"wp","href":"https:\/\/api.w.org\/{rel}","templated":true}]}}