{"id":2136,"date":"2018-08-28T17:26:22","date_gmt":"2018-08-28T15:26:22","guid":{"rendered":"http:\/\/tobias-mayer-museum.de\/?page_id=2136"},"modified":"2024-05-17T13:41:27","modified_gmt":"2024-05-17T11:41:27","slug":"fuehrungen-bestellen","status":"publish","type":"page","link":"https:\/\/tobias-mayer-museum.de\/?page_id=2136","title":{"rendered":"F\u00fchrungen bestellen"},"content":{"rendered":"\n<p><strong>Hinweise f\u00fcr F\u00fchrungen<\/strong><\/p>\n\n\n\n<p>Wir f\u00fchren angemeldete F\u00fchrungen f\u00fcr kleine Gruppen (bis maximal 15 Personen) durch. Zus\u00e4tzlich zu unseren traditionellen F\u00fchrungen bieten wir einst\u00fcndige Rundg\u00e4nge zu den Themen \u201eMensch Mayer\u201c, \u201eDer L\u00e4ngenpreis und Tobias Mayer\u201c, \u201eDas wissenschaftliche Werk von Tobias Mayer\u201c und \u201eKupferdruck statt Kopierer\u201c an.<\/p>\n\n\n\n<p>F\u00fchrungen sollten&nbsp; m\u00f6glichst au\u00dferhalb der regul\u00e4ren \u00d6ffnungszeiten stattfinden<\/p>\n\n\n\n<p><strong>Geb\u00fchren<\/strong><\/p>\n\n\n\n<p>Eintritt pro Person (erm\u00e4ssigt) 4,- \u20ac<\/p>\n\n\n\n<p>Sch\u00fcler haben freien Eintritt<\/p>\n\n\n\n<p>F\u00fchrungsgeb\u00fchr 75,- \u20ac<\/p>\n\n\n\n<p>Bitte benutzen Sie zur Bestellung das hier beigef\u00fcgte Standard e-mail. In Ausnahmef\u00e4llen k\u00f6nnen Sie sich auch telef. anmelden unter der <span style=\"display: inline !important; float: none; background-color: transparent; color: rgb(85, 85, 85); font-family: &quot;Lato&quot;,sans-serif; font-size: 17.93px; font-style: normal; font-variant: normal; font-weight: 400; letter-spacing: normal; orphans: 2; text-align: left; text-decoration: none; text-indent: 0px; text-transform: none; -webkit-text-stroke-width: 0px; white-space: normal; word-spacing: 0px;\">Telefon Nr. : 07144-88 72 85 5 <\/span><\/p>\n\n\n\n<div class=\"wpforms-container wpforms-container-full\" id=\"wpforms-2146\"><form id=\"wpforms-form-2146\" class=\"wpforms-validate wpforms-form\" data-formid=\"2146\" method=\"post\" enctype=\"multipart\/form-data\" action=\"\/index.php?rest_route=%2Fwp%2Fv2%2Fpages%2F2136\" data-token=\"9b04505fb7064c0233805ef6a58f93e9\" data-token-time=\"1776622580\"><noscript class=\"wpforms-error-noscript\">Bitte aktiviere JavaScript in deinem Browser, um dieses Formular fertigzustellen.<\/noscript><div class=\"wpforms-field-container\"><div id=\"wpforms-2146-field_0-container\" class=\"wpforms-field wpforms-field-name\" data-field-id=\"0\"><label class=\"wpforms-field-label\">Name <span class=\"wpforms-required-label\">*<\/span><\/label><div class=\"wpforms-field-row wpforms-field-medium\"><div class=\"wpforms-field-row-block wpforms-first wpforms-one-half\"><input type=\"text\" id=\"wpforms-2146-field_0\" class=\"wpforms-field-name-first wpforms-field-required\" name=\"wpforms[fields][0][first]\" required><label for=\"wpforms-2146-field_0\" class=\"wpforms-field-sublabel after\">Vorname<\/label><\/div><div class=\"wpforms-field-row-block wpforms-one-half\"><input type=\"text\" id=\"wpforms-2146-field_0-last\" class=\"wpforms-field-name-last wpforms-field-required\" name=\"wpforms[fields][0][last]\" required><label for=\"wpforms-2146-field_0-last\" class=\"wpforms-field-sublabel after\">Nachname<\/label><\/div><\/div><\/div><div id=\"wpforms-2146-field_1-container\" class=\"wpforms-field wpforms-field-email\" data-field-id=\"1\"><label class=\"wpforms-field-label\" for=\"wpforms-2146-field_1\">E-Mail-Adresse <span class=\"wpforms-required-label\">*<\/span><\/label><input type=\"email\" id=\"wpforms-2146-field_1\" class=\"wpforms-field-medium wpforms-field-required\" name=\"wpforms[fields][1]\" spellcheck=\"false\" required><\/div><div id=\"wpforms-2146-field_5-container\" class=\"wpforms-field wpforms-field-text\" data-field-id=\"5\"><label class=\"wpforms-field-label\" for=\"wpforms-2146-field_5\">Telefonnummer f\u00fcr R\u00fcckruf<\/label><input type=\"text\" id=\"wpforms-2146-field_5\" class=\"wpforms-field-medium\" name=\"wpforms[fields][5]\" ><\/div><div id=\"wpforms-2146-field_4-container\" class=\"wpforms-field wpforms-field-text\" data-field-id=\"4\"><label class=\"wpforms-field-label\" for=\"wpforms-2146-field_4\">Datum und Uhrzeit der F\u00fchrung <span class=\"wpforms-required-label\">*<\/span><\/label><input type=\"text\" id=\"wpforms-2146-field_4\" class=\"wpforms-field-medium wpforms-field-required\" name=\"wpforms[fields][4]\" required><\/div><div id=\"wpforms-2146-field_16-container\" class=\"wpforms-field wpforms-field-number\" data-field-id=\"16\"><label class=\"wpforms-field-label\" for=\"wpforms-2146-field_16\">Anzahl der Teilnehmer (max. 15 Personen)<\/label><input type=\"number\" id=\"wpforms-2146-field_16\" class=\"wpforms-field-medium\" name=\"wpforms[fields][16]\" step=\"any\" ><\/div><div id=\"wpforms-2146-field_15-container\" class=\"wpforms-field wpforms-field-radio\" data-field-id=\"15\"><label class=\"wpforms-field-label\">Art der F\u00fchrung<\/label><ul id=\"wpforms-2146-field_15\"><li class=\"choice-1 depth-1\"><input type=\"radio\" id=\"wpforms-2146-field_15_1\" name=\"wpforms[fields][15]\" value=\"Traditionelle F\u00fchrung (Gesamtes Museum ca. 1,5h)\"  ><label class=\"wpforms-field-label-inline\" for=\"wpforms-2146-field_15_1\">Traditionelle F\u00fchrung (Gesamtes Museum ca. 1,5h)<\/label><\/li><li class=\"choice-4 depth-1\"><input type=\"radio\" id=\"wpforms-2146-field_15_4\" name=\"wpforms[fields][15]\" value=\"Spezialthema &quot;Mensch Mayer&quot; ca. 1,0h\"  ><label class=\"wpforms-field-label-inline\" for=\"wpforms-2146-field_15_4\">Spezialthema \"Mensch Mayer\" ca. 1,0h<\/label><\/li><li class=\"choice-5 depth-1\"><input type=\"radio\" id=\"wpforms-2146-field_15_5\" name=\"wpforms[fields][15]\" value=\"Spezialthema &quot;Der L\u00e4ngenpreis und Tobias Mayer&quot; (ca. 1,0h)\"  ><label class=\"wpforms-field-label-inline\" for=\"wpforms-2146-field_15_5\">Spezialthema \"Der L\u00e4ngenpreis und Tobias Mayer\" (ca. 1,0h)<\/label><\/li><li class=\"choice-6 depth-1\"><input type=\"radio\" id=\"wpforms-2146-field_15_6\" name=\"wpforms[fields][15]\" value=\"Spezialthema &quot;Das wissenschaftliche Werk von Tobias Mayer&quot; (ca. 1,0h)\"  ><label class=\"wpforms-field-label-inline\" for=\"wpforms-2146-field_15_6\">Spezialthema \"Das wissenschaftliche Werk von Tobias Mayer\" (ca. 1,0h)<\/label><\/li><li class=\"choice-7 depth-1\"><input type=\"radio\" id=\"wpforms-2146-field_15_7\" name=\"wpforms[fields][15]\" value=\"Spezialthema &quot;Kupferdruck statt Kopierer&quot; (ca. 1,0h)\"  ><label class=\"wpforms-field-label-inline\" for=\"wpforms-2146-field_15_7\">Spezialthema \"Kupferdruck statt Kopierer\" (ca. 1,0h)<\/label><\/li><\/ul><\/div><div id=\"wpforms-2146-field_2-container\" class=\"wpforms-field wpforms-field-textarea\" data-field-id=\"2\"><label class=\"wpforms-field-label\" for=\"wpforms-2146-field_2\">Nachricht<\/label><textarea id=\"wpforms-2146-field_2\" class=\"wpforms-field-medium\" name=\"wpforms[fields][2]\" ><\/textarea><\/div><div id=\"wpforms-2146-field_10-container\" class=\"wpforms-field wpforms-field-gdpr-checkbox\" data-field-id=\"10\"><label class=\"wpforms-field-label\">DSGVO Datenschutzvereinbarung <span class=\"wpforms-required-label\">*<\/span><\/label><ul id=\"wpforms-2146-field_10\" class=\"wpforms-field-required\"><li class=\"choice-1\"><input type=\"checkbox\" id=\"wpforms-2146-field_10_1\" name=\"wpforms[fields][10][]\" value=\"Ich bin einverstanden, da\u00df das Tobias Mayer Museum meine hier gesendeten Daten zum Zweck der Bearbeitung meiner Anfrage speichert.\" required ><label class=\"wpforms-field-label-inline\" for=\"wpforms-2146-field_10_1\">Ich bin einverstanden, da\u00df das Tobias Mayer Museum meine hier gesendeten Daten zum Zweck der Bearbeitung meiner Anfrage speichert.<\/label><\/li><\/ul><\/div><div id=\"wpforms-2146-field_21-container\" class=\"wpforms-field wpforms-field-email\" data-field-id=\"21\"><label class=\"wpforms-field-label\" for=\"wpforms-2146-field_21\">E-Mail-Adresse <span class=\"wpforms-required-label\">*<\/span><\/label><input type=\"email\" id=\"wpforms-2146-field_21\" class=\"wpforms-field-medium wpforms-field-required\" name=\"wpforms[fields][21]\" spellcheck=\"false\" required><\/div><\/div><!-- .wpforms-field-container --><div class=\"wpforms-field wpforms-field-hp\"><label for=\"wpforms-2146-field-hp\" class=\"wpforms-field-label\">Email<\/label><input type=\"text\" name=\"wpforms[hp]\" id=\"wpforms-2146-field-hp\" class=\"wpforms-field-medium\"><\/div><div class=\"wpforms-submit-container\" ><input type=\"hidden\" name=\"wpforms[id]\" value=\"2146\"><input type=\"hidden\" name=\"page_title\" value=\"\"><input type=\"hidden\" name=\"page_url\" value=\"https:\/\/tobias-mayer-museum.de\/index.php?rest_route=\/wp\/v2\/pages\/2136\"><input type=\"hidden\" name=\"url_referer\" value=\"\"><button type=\"submit\" name=\"wpforms[submit]\" id=\"wpforms-submit-2146\" class=\"wpforms-submit\" data-alt-text=\"Sende...\" data-submit-text=\"Senden\" aria-live=\"assertive\" value=\"wpforms-submit\">Senden<\/button><\/div><\/form><\/div>  <!-- .wpforms-container -->\n","protected":false},"excerpt":{"rendered":"<p>Hinweise f\u00fcr F\u00fchrungen Wir f\u00fchren angemeldete F\u00fchrungen f\u00fcr kleine Gruppen (bis maximal 15 Personen) durch. Zus\u00e4tzlich zu unseren traditionellen F\u00fchrungen bieten wir einst\u00fcndige Rundg\u00e4nge zu den Themen \u201eMensch Mayer\u201c, \u201eDer &hellip; <a href=\"https:\/\/tobias-mayer-museum.de\/?page_id=2136\" class=\"more-link\"><span>Weiterlesen<span class=\"screen-reader-text\">F\u00fchrungen bestellen<\/span><\/span><\/a><\/p>\n","protected":false},"author":1,"featured_media":0,"parent":0,"menu_order":0,"comment_status":"closed","ping_status":"closed","template":"","meta":{"footnotes":""},"class_list":["post-2136","page","type-page","status-publish","hentry"],"_links":{"self":[{"href":"https:\/\/tobias-mayer-museum.de\/index.php?rest_route=\/wp\/v2\/pages\/2136","targetHints":{"allow":["GET"]}}],"collection":[{"href":"https:\/\/tobias-mayer-museum.de\/index.php?rest_route=\/wp\/v2\/pages"}],"about":[{"href":"https:\/\/tobias-mayer-museum.de\/index.php?rest_route=\/wp\/v2\/types\/page"}],"author":[{"embeddable":true,"href":"https:\/\/tobias-mayer-museum.de\/index.php?rest_route=\/wp\/v2\/users\/1"}],"replies":[{"embeddable":true,"href":"https:\/\/tobias-mayer-museum.de\/index.php?rest_route=%2Fwp%2Fv2%2Fcomments&post=2136"}],"version-history":[{"count":12,"href":"https:\/\/tobias-mayer-museum.de\/index.php?rest_route=\/wp\/v2\/pages\/2136\/revisions"}],"predecessor-version":[{"id":6924,"href":"https:\/\/tobias-mayer-museum.de\/index.php?rest_route=\/wp\/v2\/pages\/2136\/revisions\/6924"}],"wp:attachment":[{"href":"https:\/\/tobias-mayer-museum.de\/index.php?rest_route=%2Fwp%2Fv2%2Fmedia&parent=2136"}],"curies":[{"name":"wp","href":"https:\/\/api.w.org\/{rel}","templated":true}]}}