{"id":1918,"date":"2018-08-23T16:34:59","date_gmt":"2018-08-23T14:34:59","guid":{"rendered":"http:\/\/tobias-mayer-museum.de\/?page_id=1918"},"modified":"2024-03-13T15:39:08","modified_gmt":"2024-03-13T14:39:08","slug":"obergeschoss-neubau","status":"publish","type":"page","link":"https:\/\/tobias-mayer-museum.de\/?page_id=1918","title":{"rendered":"Obergeschoss im Neubau"},"content":{"rendered":"\n<p>Im ersten Obergeschoss wird in einer Dauerausstellung das Wirken von Tobias Mayer mit dem Schwerpunkt der Astronomie im Rahmen seiner Professur in G\u00f6ttingen gezeigt.&nbsp; Es soll den Besuchern dank der Multimedialen Ausstattung erm\u00f6glicht werden, die wissenschaftlichen Inhalte durch Bewegtbilder besser verstehen zu k\u00f6nnen.<\/p>\n\n\n\n<figure class=\"wp-block-image\"><img loading=\"lazy\" decoding=\"async\" width=\"1024\" height=\"680\" src=\"https:\/\/tobias-mayer-museum.de\/wp-content\/uploads\/2019\/01\/TMM_OG_N_Raum_Fuchsbild_613_rgb_low-2-1024x680.jpg\" alt=\"\" class=\"wp-image-3146\" srcset=\"https:\/\/tobias-mayer-museum.de\/wp-content\/uploads\/2019\/01\/TMM_OG_N_Raum_Fuchsbild_613_rgb_low-2-1024x680.jpg 1024w, https:\/\/tobias-mayer-museum.de\/wp-content\/uploads\/2019\/01\/TMM_OG_N_Raum_Fuchsbild_613_rgb_low-2-250x166.jpg 250w, https:\/\/tobias-mayer-museum.de\/wp-content\/uploads\/2019\/01\/TMM_OG_N_Raum_Fuchsbild_613_rgb_low-2-400x266.jpg 400w, https:\/\/tobias-mayer-museum.de\/wp-content\/uploads\/2019\/01\/TMM_OG_N_Raum_Fuchsbild_613_rgb_low-2-768x510.jpg 768w, https:\/\/tobias-mayer-museum.de\/wp-content\/uploads\/2019\/01\/TMM_OG_N_Raum_Fuchsbild_613_rgb_low-2.jpg 1037w\" sizes=\"auto, (max-width: 1024px) 100vw, 1024px\" \/><\/figure>\n\n\n\n<p class=\"has-text-align-center\">Obergeschoss mit Monddarstellungen, Ausstellungsvitrine mit Messinstrumenten, Planetenmaschine und dem Mayerpanorama<\/p>\n\n\n\n<figure class=\"wp-block-gallery has-nested-images columns-default is-cropped wp-block-gallery-1 is-layout-flex wp-block-gallery-is-layout-flex\">\n<figure class=\"wp-block-image size-large\"><img loading=\"lazy\" decoding=\"async\" width=\"1024\" height=\"680\" data-id=\"3144\" src=\"https:\/\/tobias-mayer-museum.de\/wp-content\/uploads\/2019\/01\/TMM_OG_N_Raum_Fuchsbild_607_rgb_low-1-1024x680.jpg\" alt=\"\" class=\"wp-image-3144\" srcset=\"https:\/\/tobias-mayer-museum.de\/wp-content\/uploads\/2019\/01\/TMM_OG_N_Raum_Fuchsbild_607_rgb_low-1-1024x680.jpg 1024w, https:\/\/tobias-mayer-museum.de\/wp-content\/uploads\/2019\/01\/TMM_OG_N_Raum_Fuchsbild_607_rgb_low-1-250x166.jpg 250w, https:\/\/tobias-mayer-museum.de\/wp-content\/uploads\/2019\/01\/TMM_OG_N_Raum_Fuchsbild_607_rgb_low-1-400x266.jpg 400w, https:\/\/tobias-mayer-museum.de\/wp-content\/uploads\/2019\/01\/TMM_OG_N_Raum_Fuchsbild_607_rgb_low-1-768x510.jpg 768w, https:\/\/tobias-mayer-museum.de\/wp-content\/uploads\/2019\/01\/TMM_OG_N_Raum_Fuchsbild_607_rgb_low-1.jpg 1029w\" sizes=\"auto, (max-width: 1024px) 100vw, 1024px\" \/><\/figure>\n<\/figure>\n\n\n\n<p class=\"has-text-align-center\"> Ausschnitt des Panoramagem\u00e4ldes des Malers Michael Fuchs mit einer Collage \u00fcber Leben und Werke von Tobias Mayer<\/p>\n\n\n\n<figure class=\"wp-block-gallery has-nested-images columns-default is-cropped wp-block-gallery-2 is-layout-flex wp-block-gallery-is-layout-flex\">\n<figure class=\"wp-block-image size-large\"><img loading=\"lazy\" decoding=\"async\" width=\"1024\" height=\"680\" data-id=\"3123\" src=\"https:\/\/tobias-mayer-museum.de\/wp-content\/uploads\/2019\/01\/TMM_OG_N_Instrumente_Vitrine_563_rgb_low-1024x680.jpg\" alt=\"\" class=\"wp-image-3123\" srcset=\"https:\/\/tobias-mayer-museum.de\/wp-content\/uploads\/2019\/01\/TMM_OG_N_Instrumente_Vitrine_563_rgb_low-1024x680.jpg 1024w, https:\/\/tobias-mayer-museum.de\/wp-content\/uploads\/2019\/01\/TMM_OG_N_Instrumente_Vitrine_563_rgb_low-250x166.jpg 250w, https:\/\/tobias-mayer-museum.de\/wp-content\/uploads\/2019\/01\/TMM_OG_N_Instrumente_Vitrine_563_rgb_low-400x266.jpg 400w, https:\/\/tobias-mayer-museum.de\/wp-content\/uploads\/2019\/01\/TMM_OG_N_Instrumente_Vitrine_563_rgb_low-768x510.jpg 768w, https:\/\/tobias-mayer-museum.de\/wp-content\/uploads\/2019\/01\/TMM_OG_N_Instrumente_Vitrine_563_rgb_low.jpg 1029w\" sizes=\"auto, (max-width: 1024px) 100vw, 1024px\" \/><\/figure>\n\n\n\n<figure class=\"wp-block-image size-large\"><img loading=\"lazy\" decoding=\"async\" width=\"1024\" height=\"680\" data-id=\"3124\" src=\"https:\/\/tobias-mayer-museum.de\/wp-content\/uploads\/2019\/01\/TMM_OG_N_Instrumente_Vitrine_569_rgb_low-1024x680.jpg\" alt=\"\" class=\"wp-image-3124\" srcset=\"https:\/\/tobias-mayer-museum.de\/wp-content\/uploads\/2019\/01\/TMM_OG_N_Instrumente_Vitrine_569_rgb_low-1024x680.jpg 1024w, https:\/\/tobias-mayer-museum.de\/wp-content\/uploads\/2019\/01\/TMM_OG_N_Instrumente_Vitrine_569_rgb_low-250x166.jpg 250w, https:\/\/tobias-mayer-museum.de\/wp-content\/uploads\/2019\/01\/TMM_OG_N_Instrumente_Vitrine_569_rgb_low-400x266.jpg 400w, https:\/\/tobias-mayer-museum.de\/wp-content\/uploads\/2019\/01\/TMM_OG_N_Instrumente_Vitrine_569_rgb_low-768x510.jpg 768w, https:\/\/tobias-mayer-museum.de\/wp-content\/uploads\/2019\/01\/TMM_OG_N_Instrumente_Vitrine_569_rgb_low.jpg 1029w\" sizes=\"auto, (max-width: 1024px) 100vw, 1024px\" \/><\/figure>\n\n\n\n<figure class=\"wp-block-image size-large\"><img loading=\"lazy\" decoding=\"async\" width=\"1024\" height=\"680\" data-id=\"3125\" src=\"https:\/\/tobias-mayer-museum.de\/wp-content\/uploads\/2019\/01\/TMM_OG_N_Instrumente_Vitrine_570_rgb_low-1024x680.jpg\" alt=\"\" class=\"wp-image-3125\" srcset=\"https:\/\/tobias-mayer-museum.de\/wp-content\/uploads\/2019\/01\/TMM_OG_N_Instrumente_Vitrine_570_rgb_low-1024x680.jpg 1024w, https:\/\/tobias-mayer-museum.de\/wp-content\/uploads\/2019\/01\/TMM_OG_N_Instrumente_Vitrine_570_rgb_low-250x166.jpg 250w, https:\/\/tobias-mayer-museum.de\/wp-content\/uploads\/2019\/01\/TMM_OG_N_Instrumente_Vitrine_570_rgb_low-400x266.jpg 400w, https:\/\/tobias-mayer-museum.de\/wp-content\/uploads\/2019\/01\/TMM_OG_N_Instrumente_Vitrine_570_rgb_low-768x510.jpg 768w, https:\/\/tobias-mayer-museum.de\/wp-content\/uploads\/2019\/01\/TMM_OG_N_Instrumente_Vitrine_570_rgb_low.jpg 1029w\" sizes=\"auto, (max-width: 1024px) 100vw, 1024px\" \/><\/figure>\n<\/figure>\n\n\n\n<p class=\"has-text-align-center\">Vitrinen mit Messwerkzeugen aus der Astronomie<\/p>\n\n\n\n<figure class=\"wp-block-gallery has-nested-images columns-default is-cropped wp-block-gallery-3 is-layout-flex wp-block-gallery-is-layout-flex\">\n<figure class=\"wp-block-image size-large\"><img loading=\"lazy\" decoding=\"async\" width=\"1024\" height=\"680\" data-id=\"3126\" src=\"https:\/\/tobias-mayer-museum.de\/wp-content\/uploads\/2019\/01\/TMM_OG_N_Mondglobus_513_rgb_low-1024x680.jpg\" alt=\"\" class=\"wp-image-3126\" srcset=\"https:\/\/tobias-mayer-museum.de\/wp-content\/uploads\/2019\/01\/TMM_OG_N_Mondglobus_513_rgb_low-1024x680.jpg 1024w, https:\/\/tobias-mayer-museum.de\/wp-content\/uploads\/2019\/01\/TMM_OG_N_Mondglobus_513_rgb_low-250x166.jpg 250w, https:\/\/tobias-mayer-museum.de\/wp-content\/uploads\/2019\/01\/TMM_OG_N_Mondglobus_513_rgb_low-400x266.jpg 400w, https:\/\/tobias-mayer-museum.de\/wp-content\/uploads\/2019\/01\/TMM_OG_N_Mondglobus_513_rgb_low-768x510.jpg 768w, https:\/\/tobias-mayer-museum.de\/wp-content\/uploads\/2019\/01\/TMM_OG_N_Mondglobus_513_rgb_low.jpg 1029w\" sizes=\"auto, (max-width: 1024px) 100vw, 1024px\" \/><\/figure>\n\n\n\n<figure class=\"wp-block-image size-large\"><img loading=\"lazy\" decoding=\"async\" width=\"705\" height=\"1021\" data-id=\"3128\" src=\"https:\/\/tobias-mayer-museum.de\/wp-content\/uploads\/2019\/01\/TMM_OG_N_Mondkrater_459_rgb_low.jpg\" alt=\"\" class=\"wp-image-3128\" srcset=\"https:\/\/tobias-mayer-museum.de\/wp-content\/uploads\/2019\/01\/TMM_OG_N_Mondkrater_459_rgb_low.jpg 705w, https:\/\/tobias-mayer-museum.de\/wp-content\/uploads\/2019\/01\/TMM_OG_N_Mondkrater_459_rgb_low-173x250.jpg 173w, https:\/\/tobias-mayer-museum.de\/wp-content\/uploads\/2019\/01\/TMM_OG_N_Mondkrater_459_rgb_low-276x400.jpg 276w\" sizes=\"auto, (max-width: 705px) 100vw, 705px\" \/><\/figure>\n<\/figure>\n\n\n\n<p class=\"has-text-align-center\">Mondgloben und Projektion der Mondoberfl\u00e4che<\/p>\n\n\n\n<figure class=\"wp-block-gallery has-nested-images columns-default is-cropped wp-block-gallery-4 is-layout-flex wp-block-gallery-is-layout-flex\">\n<figure class=\"wp-block-image size-large\"><img loading=\"lazy\" decoding=\"async\" width=\"1024\" height=\"680\" data-id=\"3129\" src=\"https:\/\/tobias-mayer-museum.de\/wp-content\/uploads\/2019\/01\/TMM_OG_N_Raum_Fuchsbild_613_rgb_low-1024x680.jpg\" alt=\"\" class=\"wp-image-3129\" srcset=\"https:\/\/tobias-mayer-museum.de\/wp-content\/uploads\/2019\/01\/TMM_OG_N_Raum_Fuchsbild_613_rgb_low-1024x680.jpg 1024w, https:\/\/tobias-mayer-museum.de\/wp-content\/uploads\/2019\/01\/TMM_OG_N_Raum_Fuchsbild_613_rgb_low-250x166.jpg 250w, https:\/\/tobias-mayer-museum.de\/wp-content\/uploads\/2019\/01\/TMM_OG_N_Raum_Fuchsbild_613_rgb_low-400x266.jpg 400w, https:\/\/tobias-mayer-museum.de\/wp-content\/uploads\/2019\/01\/TMM_OG_N_Raum_Fuchsbild_613_rgb_low-768x510.jpg 768w, https:\/\/tobias-mayer-museum.de\/wp-content\/uploads\/2019\/01\/TMM_OG_N_Raum_Fuchsbild_613_rgb_low.jpg 1037w\" sizes=\"auto, (max-width: 1024px) 100vw, 1024px\" \/><\/figure>\n\n\n\n<figure class=\"wp-block-image size-large\"><img loading=\"lazy\" decoding=\"async\" width=\"1024\" height=\"680\" data-id=\"3130\" src=\"https:\/\/tobias-mayer-museum.de\/wp-content\/uploads\/2019\/01\/TMM_OG_N_Raum_Mond_521_rgb_low-1024x680.jpg\" alt=\"\" class=\"wp-image-3130\" srcset=\"https:\/\/tobias-mayer-museum.de\/wp-content\/uploads\/2019\/01\/TMM_OG_N_Raum_Mond_521_rgb_low-1024x680.jpg 1024w, https:\/\/tobias-mayer-museum.de\/wp-content\/uploads\/2019\/01\/TMM_OG_N_Raum_Mond_521_rgb_low-250x166.jpg 250w, https:\/\/tobias-mayer-museum.de\/wp-content\/uploads\/2019\/01\/TMM_OG_N_Raum_Mond_521_rgb_low-400x266.jpg 400w, https:\/\/tobias-mayer-museum.de\/wp-content\/uploads\/2019\/01\/TMM_OG_N_Raum_Mond_521_rgb_low-768x510.jpg 768w, https:\/\/tobias-mayer-museum.de\/wp-content\/uploads\/2019\/01\/TMM_OG_N_Raum_Mond_521_rgb_low.jpg 1066w\" sizes=\"auto, (max-width: 1024px) 100vw, 1024px\" \/><\/figure>\n\n\n\n<figure class=\"wp-block-image size-large\"><img loading=\"lazy\" decoding=\"async\" width=\"1024\" height=\"680\" data-id=\"3132\" src=\"https:\/\/tobias-mayer-museum.de\/wp-content\/uploads\/2019\/01\/TMM_OG_N_Tellurium_550_rgb_low-1024x680.jpg\" alt=\"\" class=\"wp-image-3132\" srcset=\"https:\/\/tobias-mayer-museum.de\/wp-content\/uploads\/2019\/01\/TMM_OG_N_Tellurium_550_rgb_low-1024x680.jpg 1024w, https:\/\/tobias-mayer-museum.de\/wp-content\/uploads\/2019\/01\/TMM_OG_N_Tellurium_550_rgb_low-250x166.jpg 250w, https:\/\/tobias-mayer-museum.de\/wp-content\/uploads\/2019\/01\/TMM_OG_N_Tellurium_550_rgb_low-400x266.jpg 400w, https:\/\/tobias-mayer-museum.de\/wp-content\/uploads\/2019\/01\/TMM_OG_N_Tellurium_550_rgb_low-768x510.jpg 768w, https:\/\/tobias-mayer-museum.de\/wp-content\/uploads\/2019\/01\/TMM_OG_N_Tellurium_550_rgb_low.jpg 1056w\" sizes=\"auto, (max-width: 1024px) 100vw, 1024px\" \/><\/figure>\n<\/figure>\n\n\n\n<p class=\"has-text-align-center\"><br>Dreidimensionales Planetenmodell  (Tellurium) mit dessen Hilfe die verschiedenen Abl\u00e4ufe im System Sonne\/Erde\/Mond simuliert werden k\u00f6nnen.  Veranschaulicht u.a. die gebundene Rotation von Erde und Mond um die Sonne.<\/p>\n\n\n\n<figure class=\"wp-block-gallery has-nested-images columns-default is-cropped wp-block-gallery-5 is-layout-flex wp-block-gallery-is-layout-flex\">\n<figure class=\"wp-block-image size-large\"><img loading=\"lazy\" decoding=\"async\" width=\"1024\" height=\"680\" data-id=\"3120\" src=\"https:\/\/tobias-mayer-museum.de\/wp-content\/uploads\/2019\/01\/TMM_OG_N_La\u00a6\u00eangenpreis_581_rgb_low-1024x680.jpg\" alt=\"\" class=\"wp-image-3120\" srcset=\"https:\/\/tobias-mayer-museum.de\/wp-content\/uploads\/2019\/01\/TMM_OG_N_La\u00a6\u00eangenpreis_581_rgb_low-1024x680.jpg 1024w, https:\/\/tobias-mayer-museum.de\/wp-content\/uploads\/2019\/01\/TMM_OG_N_La\u00a6\u00eangenpreis_581_rgb_low-250x166.jpg 250w, https:\/\/tobias-mayer-museum.de\/wp-content\/uploads\/2019\/01\/TMM_OG_N_La\u00a6\u00eangenpreis_581_rgb_low-400x266.jpg 400w, https:\/\/tobias-mayer-museum.de\/wp-content\/uploads\/2019\/01\/TMM_OG_N_La\u00a6\u00eangenpreis_581_rgb_low-768x510.jpg 768w, https:\/\/tobias-mayer-museum.de\/wp-content\/uploads\/2019\/01\/TMM_OG_N_La\u00a6\u00eangenpreis_581_rgb_low.jpg 1029w\" sizes=\"auto, (max-width: 1024px) 100vw, 1024px\" \/><\/figure>\n\n\n\n<figure class=\"wp-block-image size-large\"><img loading=\"lazy\" decoding=\"async\" width=\"1024\" height=\"680\" data-id=\"3121\" src=\"https:\/\/tobias-mayer-museum.de\/wp-content\/uploads\/2019\/01\/TMM_OG_N_La\u00a6\u00eangenpreis_584_rgb_low-1024x680.jpg\" alt=\"\" class=\"wp-image-3121\" srcset=\"https:\/\/tobias-mayer-museum.de\/wp-content\/uploads\/2019\/01\/TMM_OG_N_La\u00a6\u00eangenpreis_584_rgb_low-1024x680.jpg 1024w, https:\/\/tobias-mayer-museum.de\/wp-content\/uploads\/2019\/01\/TMM_OG_N_La\u00a6\u00eangenpreis_584_rgb_low-250x166.jpg 250w, https:\/\/tobias-mayer-museum.de\/wp-content\/uploads\/2019\/01\/TMM_OG_N_La\u00a6\u00eangenpreis_584_rgb_low-400x266.jpg 400w, https:\/\/tobias-mayer-museum.de\/wp-content\/uploads\/2019\/01\/TMM_OG_N_La\u00a6\u00eangenpreis_584_rgb_low-768x510.jpg 768w, https:\/\/tobias-mayer-museum.de\/wp-content\/uploads\/2019\/01\/TMM_OG_N_La\u00a6\u00eangenpreis_584_rgb_low.jpg 1029w\" sizes=\"auto, (max-width: 1024px) 100vw, 1024px\" \/><\/figure>\n\n\n\n<figure class=\"wp-block-image size-large\"><img loading=\"lazy\" decoding=\"async\" width=\"1024\" height=\"697\" data-id=\"3122\" src=\"https:\/\/tobias-mayer-museum.de\/wp-content\/uploads\/2019\/01\/TMM_OG_N_La\u00a6\u00eangenpreis_586_rgb_low-1024x697.jpg\" alt=\"\" class=\"wp-image-3122\" srcset=\"https:\/\/tobias-mayer-museum.de\/wp-content\/uploads\/2019\/01\/TMM_OG_N_La\u00a6\u00eangenpreis_586_rgb_low-1024x697.jpg 1024w, https:\/\/tobias-mayer-museum.de\/wp-content\/uploads\/2019\/01\/TMM_OG_N_La\u00a6\u00eangenpreis_586_rgb_low-250x170.jpg 250w, https:\/\/tobias-mayer-museum.de\/wp-content\/uploads\/2019\/01\/TMM_OG_N_La\u00a6\u00eangenpreis_586_rgb_low-400x272.jpg 400w, https:\/\/tobias-mayer-museum.de\/wp-content\/uploads\/2019\/01\/TMM_OG_N_La\u00a6\u00eangenpreis_586_rgb_low-768x522.jpg 768w, https:\/\/tobias-mayer-museum.de\/wp-content\/uploads\/2019\/01\/TMM_OG_N_La\u00a6\u00eangenpreis_586_rgb_low.jpg 1035w\" sizes=\"auto, (max-width: 1024px) 100vw, 1024px\" \/><\/figure>\n<\/figure>\n\n\n\n<p class=\"has-text-align-center\">Darstellungen von Tobias Mayers Berechnungen des L\u00e4ngengrads und Bewerbung um den L\u00e4ngenpreis des englischen Board of Longitude<\/p>\n\n\n\n<figure class=\"wp-block-gallery has-nested-images columns-default is-cropped wp-block-gallery-6 is-layout-flex wp-block-gallery-is-layout-flex\">\n<figure class=\"wp-block-image size-large\"><img loading=\"lazy\" decoding=\"async\" width=\"680\" height=\"1024\" data-id=\"3134\" src=\"https:\/\/tobias-mayer-museum.de\/wp-content\/uploads\/2019\/01\/TMM_OG_N_Sternwarte_488_rgb_low-680x1024.jpg\" alt=\"\" class=\"wp-image-3134\" srcset=\"https:\/\/tobias-mayer-museum.de\/wp-content\/uploads\/2019\/01\/TMM_OG_N_Sternwarte_488_rgb_low-680x1024.jpg 680w, https:\/\/tobias-mayer-museum.de\/wp-content\/uploads\/2019\/01\/TMM_OG_N_Sternwarte_488_rgb_low-166x250.jpg 166w, https:\/\/tobias-mayer-museum.de\/wp-content\/uploads\/2019\/01\/TMM_OG_N_Sternwarte_488_rgb_low-266x400.jpg 266w, https:\/\/tobias-mayer-museum.de\/wp-content\/uploads\/2019\/01\/TMM_OG_N_Sternwarte_488_rgb_low.jpg 706w\" sizes=\"auto, (max-width: 680px) 100vw, 680px\" \/><\/figure>\n<\/figure>\n\n\n\n<p class=\"has-text-align-center\">Modell der historischen Sternwarte an der Universit\u00e4t in G\u00f6ttingen, dessen Leitung Tobias Mayer im Rahmen seiner Professur inne hatte.<\/p>\n\n\n<div class=\"wp-block-image\">\n<figure class=\"aligncenter size-large is-resized\"><img loading=\"lazy\" decoding=\"async\" src=\"https:\/\/tobias-mayer-museum.de\/wp-content\/uploads\/2021\/01\/08_TMM_OG1_Grundriss.jpg\" alt=\"\" class=\"wp-image-4988\" width=\"747\" height=\"464\" srcset=\"https:\/\/tobias-mayer-museum.de\/wp-content\/uploads\/2021\/01\/08_TMM_OG1_Grundriss.jpg 911w, https:\/\/tobias-mayer-museum.de\/wp-content\/uploads\/2021\/01\/08_TMM_OG1_Grundriss-400x249.jpg 400w, https:\/\/tobias-mayer-museum.de\/wp-content\/uploads\/2021\/01\/08_TMM_OG1_Grundriss-250x156.jpg 250w, https:\/\/tobias-mayer-museum.de\/wp-content\/uploads\/2021\/01\/08_TMM_OG1_Grundriss-768x478.jpg 768w\" sizes=\"auto, (max-width: 747px) 100vw, 747px\" \/><figcaption class=\"wp-element-caption\"><strong> Grundriss im Obergeschoss <\/strong><\/figcaption><\/figure>\n<\/div>\n\n\n<p class=\"has-text-align-center\"><\/p>\n","protected":false},"excerpt":{"rendered":"<p>Im ersten Obergeschoss wird in einer Dauerausstellung das Wirken von Tobias Mayer mit dem Schwerpunkt der Astronomie im Rahmen seiner Professur in G\u00f6ttingen gezeigt.&nbsp; Es soll den Besuchern dank der &hellip; <a href=\"https:\/\/tobias-mayer-museum.de\/?page_id=1918\" class=\"more-link\"><span>Weiterlesen<span class=\"screen-reader-text\">Obergeschoss im Neubau<\/span><\/span><\/a><\/p>\n","protected":false},"author":1,"featured_media":3131,"parent":0,"menu_order":0,"comment_status":"closed","ping_status":"closed","template":"","meta":{"footnotes":""},"class_list":["post-1918","page","type-page","status-publish","has-post-thumbnail","hentry"],"_links":{"self":[{"href":"https:\/\/tobias-mayer-museum.de\/index.php?rest_route=\/wp\/v2\/pages\/1918","targetHints":{"allow":["GET"]}}],"collection":[{"href":"https:\/\/tobias-mayer-museum.de\/index.php?rest_route=\/wp\/v2\/pages"}],"about":[{"href":"https:\/\/tobias-mayer-museum.de\/index.php?rest_route=\/wp\/v2\/types\/page"}],"author":[{"embeddable":true,"href":"https:\/\/tobias-mayer-museum.de\/index.php?rest_route=\/wp\/v2\/users\/1"}],"replies":[{"embeddable":true,"href":"https:\/\/tobias-mayer-museum.de\/index.php?rest_route=%2Fwp%2Fv2%2Fcomments&post=1918"}],"version-history":[{"count":30,"href":"https:\/\/tobias-mayer-museum.de\/index.php?rest_route=\/wp\/v2\/pages\/1918\/revisions"}],"predecessor-version":[{"id":6833,"href":"https:\/\/tobias-mayer-museum.de\/index.php?rest_route=\/wp\/v2\/pages\/1918\/revisions\/6833"}],"wp:featuredmedia":[{"embeddable":true,"href":"https:\/\/tobias-mayer-museum.de\/index.php?rest_route=\/wp\/v2\/media\/3131"}],"wp:attachment":[{"href":"https:\/\/tobias-mayer-museum.de\/index.php?rest_route=%2Fwp%2Fv2%2Fmedia&parent=1918"}],"curies":[{"name":"wp","href":"https:\/\/api.w.org\/{rel}","templated":true}]}}